{"id":2874,"date":"2021-06-11T09:19:56","date_gmt":"2021-06-11T07:19:56","guid":{"rendered":"https:\/\/www.schule-rubigen.ch\/wp\/?page_id=2874"},"modified":"2024-03-04T21:30:59","modified_gmt":"2024-03-04T20:30:59","slug":"kinder-und-jugendausschuss-rubigen","status":"publish","type":"page","link":"https:\/\/www.schule-rubigen.ch\/wp\/kinder-und-jugendausschuss-rubigen\/","title":{"rendered":"Kinder- und Jugendausschuss Rubigen"},"content":{"rendered":"<p>Der Kinder- und Jugendausschuss besteht aus jungen Erwachsenen aus der Gemeinde Rubigen, die sich f\u00fcr die Interessen der Kinder und Jugendlichen aus unserem Dorf einsetzen.\u00a0<\/p>\n<p>Er veranstaltet verschiedene Anl\u00e4sse im Dada Club f\u00fcr Kids und Jugendliche wie beispielsweise Sch\u00fclerdiscos, Dada Treffs oder \u00dc16 \/ \u00dc18 Parties. Weiter bietet er verschiedene Events an wie z.B. Tanz- oder Parkourworkshops.<\/p>\n<p>Der Kinder- und Jugendausschuss ist ein Organ der Gemeinde Rubigen und wird durch eine Vertreterin aus der Kommission Bildung, Jugend und Sport unterst\u00fctzt.<\/p>\n<p>Hast du auch eine gute Idee, welche der Kinder- und Jugendausschuss umsetzen k\u00f6nnte? Melde dich hier: <a href=\"javascript:secureDecryptAndNavigate('ZtiglxSv0a1NeebplLrFYyyGjs6FqSRPxN0W2rsukR\/dV\/pNYjme26b9nobzH\/p8ZwqD9hL\/dy5+FVk9pOJi3XLk5f\/iLLrK', '4bd791c55fcd71cd6787aad731cc52ee5ada3f7fc582a0f72e96039dc8794caa')\">kja [at] rubigen [dot] swiss<\/a><\/p>\n<p>Willst du nie mehr einen Event verpassen? Dann folge dem KJA auf\u00a0<a href=\"https:\/\/www.instagram.com\/kja.rubigen\/\" target=\"_blank\" rel=\"noopener\">Instagram.<\/a><\/p>\n","protected":false},"excerpt":{"rendered":"<div class=\"mh-excerpt\">Der Kinder- und Jugendausschuss besteht aus jungen Erwachsenen aus der <a class=\"mh-excerpt-more\" href=\"https:\/\/www.schule-rubigen.ch\/wp\/kinder-und-jugendausschuss-rubigen\/\" title=\"Kinder- und Jugendausschuss Rubigen\">[&#8230;]<\/a><\/div>\n","protected":false},"author":3,"featured_media":0,"parent":0,"menu_order":0,"comment_status":"closed","ping_status":"closed","template":"template-full.php","meta":{"footnotes":""},"class_list":["post-2874","page","type-page","status-publish"],"publishpress_future_action":{"enabled":false,"date":"2026-04-24 09:52:33","action":"change-status","newStatus":"draft","terms":[],"taxonomy":"frm_application","extraData":[]},"publishpress_future_workflow_manual_trigger":{"enabledWorkflows":[]},"_links":{"self":[{"href":"https:\/\/www.schule-rubigen.ch\/wp\/wp-json\/wp\/v2\/pages\/2874","targetHints":{"allow":["GET"]}}],"collection":[{"href":"https:\/\/www.schule-rubigen.ch\/wp\/wp-json\/wp\/v2\/pages"}],"about":[{"href":"https:\/\/www.schule-rubigen.ch\/wp\/wp-json\/wp\/v2\/types\/page"}],"author":[{"embeddable":true,"href":"https:\/\/www.schule-rubigen.ch\/wp\/wp-json\/wp\/v2\/users\/3"}],"replies":[{"embeddable":true,"href":"https:\/\/www.schule-rubigen.ch\/wp\/wp-json\/wp\/v2\/comments?post=2874"}],"version-history":[{"count":5,"href":"https:\/\/www.schule-rubigen.ch\/wp\/wp-json\/wp\/v2\/pages\/2874\/revisions"}],"predecessor-version":[{"id":4228,"href":"https:\/\/www.schule-rubigen.ch\/wp\/wp-json\/wp\/v2\/pages\/2874\/revisions\/4228"}],"wp:attachment":[{"href":"https:\/\/www.schule-rubigen.ch\/wp\/wp-json\/wp\/v2\/media?parent=2874"}],"curies":[{"name":"wp","href":"https:\/\/api.w.org\/{rel}","templated":true}]}}